{"id":24,"date":"2025-05-23T02:33:34","date_gmt":"2025-05-23T00:33:34","guid":{"rendered":"https:\/\/krzysiek.czyzn.pl\/?page_id=24"},"modified":"2025-05-27T12:08:16","modified_gmt":"2025-05-27T10:08:16","slug":"zapisy","status":"publish","type":"page","link":"https:\/\/pielgrzymkarowerowa.org\/index.php\/zapisy\/","title":{"rendered":"zapisy"},"content":{"rendered":"\n<p><strong>Zapraszamy na rowerow\u0105 Pielgrzymk\u0119 na Jasn\u0105 G\u00f3r\u0119 z Milan\u00f3wka.<\/strong><\/p>\n\n\n\n<p>Po naszej trzydniowej podr\u00f3\u017cy do Cz\u0119stochowy, do\u0142\u0105czymy do pozosta\u0142ych grup rowerowych z ca\u0142ego kraju, kt\u00f3re przyb\u0119d\u0105 na Jasn\u0105 G\u00f3r\u0119  w ramach <strong>Og\u00f3lnopolskiej Pielgrzymki Rowerowej<\/strong>.<\/p>\n\n\n\n<p><strong>Ch\u0119tnych prosimy o wype\u0142nienie poni\u017cszego formularza i zapoznanie si\u0119 z <a href=\"https:\/\/pielgrzymkarowerowa.org\/index.php\/regulamin\/\" data-type=\"link\" data-id=\"https:\/\/pielgrzymkarowerowa.org\/index.php\/regulamin\/\">regulaminem<\/a>. <\/strong><\/p>\n\n\n\n<p>Po weryfikacji danych przez organizatora, mo\u017cliwo\u015b\u0107 uczestnictwa potwierdzona zostanie telefonicznie.<\/p>\n\n\n\n<!-- HTML Forms v1.5.3 - https:\/\/wordpress.org\/plugins\/html-forms\/ -->\n<form method=\"post\"  class=\"hf-form hf-form-57 \" data-id=\"57\" data-title=\"rejestracja\" data-slug=\"rejestracja\" data-message-success=\"Dzi\u0119kujemy za wype\u0142nienie formularza! Wkr\u00f3tce si\u0119 z Tob\u0105 skontaktujemy.\" data-message-invalid-email=\"Adres e-mail jest b\u0142\u0119dny\" data-message-required-field-missing=\"Wype\u0142nij wymagane pola\" data-message-error=\"Ups. Wyst\u0105pi\u0142 b\u0142\u0105d.\"><input type=\"hidden\" name=\"_hf_form_id\" value=\"57\" \/><div style=\"display: none;\"><input type=\"text\" name=\"_hf_h57\" value=\"\" \/><\/div><div class=\"hf-fields-wrap\"><p>\r\n\t<label>Imi\u0119<\/label>\r\n\t<input type=\"text\" name=\"NAME\" placeholder=\"imi\u0119\" required \/>\r\n<\/p>\r\n<p>\r\n\t<label>Nazwisko<\/label>\r\n\t<input type=\"text\" name=\"SOURNAME\" placeholder=\"nazwisko\" required \/>\r\n<\/p>\r\n<p>\r\n\t<label>e-mail<\/label>\r\n\t<input type=\"email\" name=\"EMAIL\" placeholder=\"e-mail\" required \/>\r\n<\/p>\r\n<p>\r\n\t<label>Telefon<\/label>\r\n\t<input type=\"text\" name=\"PHONE\" placeholder=\"telefon\" required \/>\r\n<\/p>\r\n<p>\r\n\t<label>Telefon ICE (kogo powiadomi\u0107 w razie wypadku):\r\n<\/label>\r\n\t<input type=\"text\" name=\"PHONEICE\" placeholder=\"telefon ICE\" required \/>\r\n<\/p>\r\n<p>\r\n\t<label>Data urodzenia<\/label>\r\n\t<input type=\"date\" name=\"DATEUR\" placeholder=\"telefon\" required \/>\r\n<\/p>\r\n<p>\r\n\t<label>Adres<\/label>\r\n\t<textarea name=\"ADRES\" placeholder=\"adres\" required><\/textarea>\r\n<\/p>\r\n<div>\r\n\t<label for=\"rejestracja-ROZMIAR_KOSZULKI\">Rozmiar koszulki:&nbsp;<\/label>\r\n\t<label>&nbsp;&nbsp;<input type=\"radio\" name=\"ROZMIAR_KOSZULKI\" value=\"M\" selected \/> <span>M<\/span><\/label><label>&nbsp;&nbsp;<input type=\"radio\" name=\"ROZMIAR_KOSZULKI\" value=\"L\" \/> <span>L<\/span><\/label><label>&nbsp;&nbsp;<input type=\"radio\" name=\"ROZMIAR_KOSZULKI\" value=\"XL\" \/> <span>XL<\/span><\/label><label>&nbsp;&nbsp;<input type=\"radio\" name=\"ROZMIAR_KOSZULKI\" value=\"XXL\" \/> <span>XXL<\/span><\/label>\r\n<\/div>\r\n<div>\r\n\t<label for=\"rejestracja-INFORMACJA_DOTYCZCA_HOTELOWEGO_POKOJU\">Informacja dotycz\u0105ca hotelowego pokoju<\/label>\r\n\t<textarea name=\"INFORMACJA_DOTYCZCA_HOTELOWEGO_POKOJU\" placeholder=\"prosz\u0119 wpisa\u0107 informacje dotycz\u0105ce zakwaterowania, pok\u00f3j 1 czy 2 osobowy lub wiecej\" required><\/textarea>\r\n<\/div>\r\n<p>\r\n\t<label>Uwagi<\/label>\r\n\t<textarea name=\"MESSAGE\" placeholder=\"-\" required><\/textarea>\r\n<\/p>\r\n<p>\r\n\t<input type=\"submit\" value=\"Wy\u015blij\" \/>\r\n<\/p><noscript>Please enable JavaScript for this form to work.<\/noscript><\/div><\/form><!-- \/ HTML Forms -->\n\n\n\n<p><\/p>\n","protected":false},"excerpt":{"rendered":"<p>Zapraszamy na rowerow\u0105 Pielgrzymk\u0119 na Jasn\u0105 G\u00f3r\u0119 z Milan\u00f3wka. Po naszej trzydniowej podr\u00f3\u017cy do Cz\u0119stochowy, do\u0142\u0105czymy do pozosta\u0142ych grup rowerowych<\/p>\n<p><a href=\"https:\/\/pielgrzymkarowerowa.org\/index.php\/zapisy\/\" class=\"more-link\">Continue reading<span class=\"screen-reader-text\">zapisy<\/span><\/a><\/p>\n","protected":false},"author":1,"featured_media":0,"parent":0,"menu_order":0,"comment_status":"closed","ping_status":"closed","template":"","meta":{"footnotes":""},"class_list":["post-24","page","type-page","status-publish","hentry"],"_links":{"self":[{"href":"https:\/\/pielgrzymkarowerowa.org\/index.php\/wp-json\/wp\/v2\/pages\/24","targetHints":{"allow":["GET"]}}],"collection":[{"href":"https:\/\/pielgrzymkarowerowa.org\/index.php\/wp-json\/wp\/v2\/pages"}],"about":[{"href":"https:\/\/pielgrzymkarowerowa.org\/index.php\/wp-json\/wp\/v2\/types\/page"}],"author":[{"embeddable":true,"href":"https:\/\/pielgrzymkarowerowa.org\/index.php\/wp-json\/wp\/v2\/users\/1"}],"replies":[{"embeddable":true,"href":"https:\/\/pielgrzymkarowerowa.org\/index.php\/wp-json\/wp\/v2\/comments?post=24"}],"version-history":[{"count":5,"href":"https:\/\/pielgrzymkarowerowa.org\/index.php\/wp-json\/wp\/v2\/pages\/24\/revisions"}],"predecessor-version":[{"id":108,"href":"https:\/\/pielgrzymkarowerowa.org\/index.php\/wp-json\/wp\/v2\/pages\/24\/revisions\/108"}],"wp:attachment":[{"href":"https:\/\/pielgrzymkarowerowa.org\/index.php\/wp-json\/wp\/v2\/media?parent=24"}],"curies":[{"name":"wp","href":"https:\/\/api.w.org\/{rel}","templated":true}]}}