{"id":31,"date":"2025-05-23T02:34:22","date_gmt":"2025-05-23T00:34:22","guid":{"rendered":"https:\/\/krzysiek.czyzn.pl\/?page_id=31"},"modified":"2025-05-27T12:02:51","modified_gmt":"2025-05-27T10:02:51","slug":"o-nas","status":"publish","type":"page","link":"https:\/\/pielgrzymkarowerowa.org\/","title":{"rendered":"o nas"},"content":{"rendered":"\n<p class=\"has-black-color has-text-color has-link-color wp-elements-b12c966dce0e21c864d0dc5c007fcda8\">Nadszed\u0142 czas pielgrzymowania.<\/p>\n\n\n\n<p class=\"has-black-color has-text-color has-link-color wp-elements-c04e18ad41dfb3d0159be6370f87b870\"><strong>Zapraszamy na Og\u00f3lnopolsk\u0105 Pielgrzymk\u0119 Rowerow\u0105<\/strong><br><br>Przed nami pierwszy rok pielgrzymowania z parafii \u015awi\u0119tej Jadwigi w Milan\u00f3wku na naszych rowerach.<br>Po raz pierwszy przygotowujemy si\u0119 do organizacji Og\u00f3lnopolskiej Pielgrzymki Rowerowej na Jasn\u0105 G\u00f3r\u0119 z udzia\u0142em naszej grupy pielgrzym\u00f3w z Milan\u00f3wka, w dniach 9 &#8211; 12 lipca 2025.<\/p>\n\n\n\n<p class=\"has-black-color has-text-color has-link-color wp-elements-ef6be33673becaa3c0593ba4054ed63c\">My\u015bl\u0119, \u017ce wszyscy b\u0119dziemy godnie&nbsp;reprezentowa\u0107&nbsp;Milanowsk\u0105 wsp\u00f3lnot\u0119 parafialn\u0105.<br>Wyje\u017cd\u017camy ju\u017c 9 lipca 2025 po mszy \u015bwi\u0119tej o godzinie 7:00, kt\u00f3ra odb\u0119dzie si\u0119 w ko\u015bciele&nbsp; \u015awi\u0119tej Jadwigi w Milan\u00f3wku.<\/p>\n\n\n\n<p class=\"has-black-color has-text-color has-link-color wp-elements-ea4b3f502c9fce7a399b764bd7721b48\">A przed nami g\u0142\u00f3wny cel&#8230;.<\/p>\n\n\n\n<p class=\"has-black-color has-text-color has-link-color wp-elements-ffbbff59454e259b422596db513edb6c\"><strong>&#8222;PIELGRZYMI NADZIEI&#8221; na rowerach z Milan\u00f3wka do Cz\u0119stochowy.<\/strong><\/p>\n\n\n\n<p class=\"has-black-color has-text-color has-link-color wp-elements-9ac00cf961d1ea846fe5a532228b76c6\"><\/p>\n\n\n\n<p>Kierownik grupy pierwszej <strong>Krzysztof Kornacki<\/strong>.<\/p>\n\n\n\n<p><strong><em>Gdzie B\u00f3g jest na pierwszym miejscu, tam wszystko jest na swoim miejscu<\/em><\/strong><\/p>\n","protected":false},"excerpt":{"rendered":"<p>Nadszed\u0142 czas pielgrzymowania. Zapraszamy na Og\u00f3lnopolsk\u0105 Pielgrzymk\u0119 Rowerow\u0105 Przed nami pierwszy rok pielgrzymowania z parafii \u015awi\u0119tej Jadwigi w Milan\u00f3wku na<\/p>\n<p><a href=\"https:\/\/pielgrzymkarowerowa.org\/\" class=\"more-link\">Continue reading<span class=\"screen-reader-text\">o nas<\/span><\/a><\/p>\n","protected":false},"author":1,"featured_media":0,"parent":0,"menu_order":0,"comment_status":"closed","ping_status":"closed","template":"","meta":{"footnotes":""},"class_list":["post-31","page","type-page","status-publish","hentry"],"_links":{"self":[{"href":"https:\/\/pielgrzymkarowerowa.org\/index.php\/wp-json\/wp\/v2\/pages\/31","targetHints":{"allow":["GET"]}}],"collection":[{"href":"https:\/\/pielgrzymkarowerowa.org\/index.php\/wp-json\/wp\/v2\/pages"}],"about":[{"href":"https:\/\/pielgrzymkarowerowa.org\/index.php\/wp-json\/wp\/v2\/types\/page"}],"author":[{"embeddable":true,"href":"https:\/\/pielgrzymkarowerowa.org\/index.php\/wp-json\/wp\/v2\/users\/1"}],"replies":[{"embeddable":true,"href":"https:\/\/pielgrzymkarowerowa.org\/index.php\/wp-json\/wp\/v2\/comments?post=31"}],"version-history":[{"count":6,"href":"https:\/\/pielgrzymkarowerowa.org\/index.php\/wp-json\/wp\/v2\/pages\/31\/revisions"}],"predecessor-version":[{"id":105,"href":"https:\/\/pielgrzymkarowerowa.org\/index.php\/wp-json\/wp\/v2\/pages\/31\/revisions\/105"}],"wp:attachment":[{"href":"https:\/\/pielgrzymkarowerowa.org\/index.php\/wp-json\/wp\/v2\/media?parent=31"}],"curies":[{"name":"wp","href":"https:\/\/api.w.org\/{rel}","templated":true}]}}