{"id":40,"date":"2025-05-23T02:37:47","date_gmt":"2025-05-23T00:37:47","guid":{"rendered":"https:\/\/krzysiek.czyzn.pl\/?page_id=40"},"modified":"2025-05-27T02:08:28","modified_gmt":"2025-05-27T00:08:28","slug":"program","status":"publish","type":"page","link":"https:\/\/pielgrzymkarowerowa.org\/index.php\/program\/","title":{"rendered":"program"},"content":{"rendered":"\n<p class=\"has-text-align-center has-black-color has-text-color has-link-color wp-elements-4d98de4863c3b00a83a580c74006a12f\"><em><strong>PROGRAM XX JUBILEUSZOWEJ OG\u00d3LNOPOLSKIEJ PIELGRZYMKI ROWEROWEJ NA JASN\u0104 G\u00d3R\u0118<\/strong><\/em><\/p>\n\n\n\n<p><strong>9 &#8211; 11 lipca 2025<\/strong><\/p>\n\n\n\n<p><em>przejazd na rowerach z Milan\u00f3wka do Cz\u0119stochowy &#8211; <a href=\"https:\/\/pielgrzymkarowerowa.org\/index.php\/opis-trasy\/\" data-type=\"page\" data-id=\"49\">opis trasy<\/a><\/em><\/p>\n\n\n\n<p><strong>12 lipca 2025<\/strong><\/p>\n\n\n\n<p><em><strong>Has\u0142o: \u201ePIELGRZYMI NADZIEI\u201d<\/strong><\/em><\/p>\n\n\n\n<p><em><strong>9:30<\/strong> &#8211; Spotkanie w Bazylice Archikatedralnej \u015awi\u0119tej Rodziny w Cz\u0119stochowie<\/em><\/p>\n\n\n\n<ul class=\"wp-block-list\">\n<li><em>zawi\u0105zanie wsp\u00f3lnoty<\/em><\/li>\n\n\n\n<li><em>modlitwa<\/em><\/li>\n\n\n\n<li><em>katecheza<\/em><\/li>\n\n\n\n<li><em>b\u0142ogos\u0142awie\u0144stwo<\/em><\/li>\n<\/ul>\n\n\n\n<p><strong><em>10:15<\/em><\/strong> &#8211; Wsp\u00f3lne zdj\u0119cie pielgrzym\u00f3w na schodach katedry<\/p>\n\n\n\n<p class=\"has-black-color has-text-color has-link-color wp-elements-665d197dbdb5e11a24f987c1ad51f661\"><strong><em>10:30<\/em><\/strong> &#8211; Uroczysty przejazd pielgrzym\u00f3w rowerowych Alej\u0105 Naj\u015bwi\u0119tszej Maryi Panny<\/p>\n","protected":false},"excerpt":{"rendered":"<p>PROGRAM XX JUBILEUSZOWEJ OG\u00d3LNOPOLSKIEJ PIELGRZYMKI ROWEROWEJ NA JASN\u0104 G\u00d3R\u0118 9 &#8211; 11 lipca 2025 przejazd na rowerach z Milan\u00f3wka do<\/p>\n<p><a href=\"https:\/\/pielgrzymkarowerowa.org\/index.php\/program\/\" class=\"more-link\">Continue reading<span class=\"screen-reader-text\">program<\/span><\/a><\/p>\n","protected":false},"author":1,"featured_media":0,"parent":0,"menu_order":0,"comment_status":"closed","ping_status":"closed","template":"","meta":{"footnotes":""},"class_list":["post-40","page","type-page","status-publish","hentry"],"_links":{"self":[{"href":"https:\/\/pielgrzymkarowerowa.org\/index.php\/wp-json\/wp\/v2\/pages\/40","targetHints":{"allow":["GET"]}}],"collection":[{"href":"https:\/\/pielgrzymkarowerowa.org\/index.php\/wp-json\/wp\/v2\/pages"}],"about":[{"href":"https:\/\/pielgrzymkarowerowa.org\/index.php\/wp-json\/wp\/v2\/types\/page"}],"author":[{"embeddable":true,"href":"https:\/\/pielgrzymkarowerowa.org\/index.php\/wp-json\/wp\/v2\/users\/1"}],"replies":[{"embeddable":true,"href":"https:\/\/pielgrzymkarowerowa.org\/index.php\/wp-json\/wp\/v2\/comments?post=40"}],"version-history":[{"count":5,"href":"https:\/\/pielgrzymkarowerowa.org\/index.php\/wp-json\/wp\/v2\/pages\/40\/revisions"}],"predecessor-version":[{"id":79,"href":"https:\/\/pielgrzymkarowerowa.org\/index.php\/wp-json\/wp\/v2\/pages\/40\/revisions\/79"}],"wp:attachment":[{"href":"https:\/\/pielgrzymkarowerowa.org\/index.php\/wp-json\/wp\/v2\/media?parent=40"}],"curies":[{"name":"wp","href":"https:\/\/api.w.org\/{rel}","templated":true}]}}