{"id":49,"date":"2025-05-23T02:51:33","date_gmt":"2025-05-23T00:51:33","guid":{"rendered":"https:\/\/krzysiek.czyzn.pl\/?page_id=49"},"modified":"2025-05-27T13:16:33","modified_gmt":"2025-05-27T11:16:33","slug":"opis-trasy","status":"publish","type":"page","link":"https:\/\/pielgrzymkarowerowa.org\/index.php\/opis-trasy\/","title":{"rendered":"opis trasy"},"content":{"rendered":"\n<p>Wyje\u017cd\u017camy 9 lipca 2025 roku, &nbsp;po mszy \u015bwi\u0119tej kt\u00f3ra rozpocznie si\u0119 o godzinie 7:00 w ko\u015bciele&nbsp; \u015bw.&nbsp; Jadwigi w Milan\u00f3wku. <\/p>\n\n\n\n<p>&#8222;<strong>PIELGRZYMI NADZIEI<\/strong>&#8221; na rowerach z Milan\u00f3wka do Cz\u0119stochowy.<\/p>\n\n\n\n<p><\/p>\n\n\n\n<p><strong>Dzie\u0144 I \u2013 dystans 98 km, trasa Milan\u00f3wek \u2013 Tomasz\u00f3w Mazowiecki   (9.07.2025)<\/strong><\/p>\n\n\n\n<ul class=\"wp-block-list\">\n<li>6:30 \u2013 zbi\u00f3rka pod ko\u015bcio\u0142em pw. \u015aw. Jadwigi w Milan\u00f3wku; z\u0142o\u017cenie baga\u017cy, zapisy do grup<\/li>\n\n\n\n<li>8:30 \u2013 wyjazd do Mi\u0119dzyborawa &#8211; dystans 13 km<\/li>\n\n\n\n<li>Mi\u0119dzybor\u00f3w -&gt; Puszcza Maria\u0144ska (przy cmentarzu) &#8211; dystans 14 km<\/li>\n\n\n\n<li>Puszczy Maria\u0144ska -&gt; Jeruzal (ko\u015bci\u00f3\u0142) &#8211; dystans 11 km<\/li>\n\n\n\n<li>Jeruzal -&gt; Stary Rz\u0119dk\u00f3w (Kaplica Matki Bo\u017cej Fatimskiej) &#8211; dystans 17 km<\/li>\n\n\n\n<li>Stary Rz\u0119dk\u00f3w -&gt; G\u0142uch\u00f3w (ko\u015bci\u00f3\u0142), przerwa obiadowa (w\u0142asny prowiant)  &#8211; dystans 15 km<\/li>\n\n\n\n<li>G\u0142uch\u00f3w -&gt; Tomasz\u00f3w Mazowiecki (hotel Alabastro nocleg obiad i sniadanie) &#8211; dystans 23 km<\/li>\n\n\n\n<li>Wyjazd poranny ustalimy wieczorem obok hotelu mamy ko\u015bci\u00f3\u0142 mo\u017ce trafimy na msz\u0119.<\/li>\n<\/ul>\n\n\n\n<p><strong>Dzie\u0144 II &#8211; dystans 96 km, trasa Tomasz\u00f3w Mazowiecki \u2013 Radomsko&nbsp;  (10. 07.2025)<\/strong><\/p>\n\n\n\n<ul class=\"wp-block-list\">\n<li>Tomasz\u00f3w Mazowiecki -&gt; Golsze Du\u017ce (odpoczynek las) &#8211; dystans 15 km<\/li>\n\n\n\n<li>Golsze Du\u017ce -&gt; K\u0142udzice&nbsp;(odpoczynek za rzek\u0105) &#8211; dystans 14 km<\/li>\n\n\n\n<li>K\u0142udzice&nbsp;-&gt; Tomawa (ko\u015bci\u00f3\u0142 Maksymiljana Kolbego) &#8211; dystans 15 km<\/li>\n\n\n\n<li>Tomawa&nbsp;-&gt; B\u0119czkowice (ko\u015bci\u00f3\u0142 Zes\u0142ania Ducha \u015awietego) &#8211; dystans 10 km<\/li>\n\n\n\n<li>B\u0119czkowice -&gt; Rzejowice (ko\u015bci\u00f3\u0142 Wszystkich \u015awi\u0119tych) &#8211; dystans 16 km<\/li>\n\n\n\n<li>Rzejowice&nbsp;-&gt; Dmenin (ko\u015bci\u00f3\u0142&nbsp;Aposto\u0142\u00f3w Szymona) &#8211; dystans 14 km<\/li>\n\n\n\n<li>Dmenin -&gt; Radomsko (hotel Zodiak Radomsko obiad i \u015bniadanie) &#8211; dystans 12 km<\/li>\n\n\n\n<li>Wyjazd poranny ustalimy wieczorem<\/li>\n<\/ul>\n\n\n\n<p><strong>Dzie\u0144 III&nbsp;&#8211; dystans 46 km, trasa Radomsko &#8212;&nbsp;Cz\u0119stochowa&nbsp; <strong> (11. 07.2025)<\/strong><\/strong><\/p>\n\n\n\n<ul class=\"wp-block-list\">\n<li>Radomsko&nbsp;-&gt; Rzerz\u0119czyce&nbsp;(ko\u015bci\u00f3\u0142 \u015aw. Floriana) &#8211; dystans 26 km<\/li>\n\n\n\n<li>Rzerz\u0119czyce -&gt; Cz\u0119stochowa (hotel&nbsp;Haga obiad i \u015bniadanie) &#8211; dystans 20 km<\/li>\n<\/ul>\n\n\n\n<p><strong>Podgl\u0105d trasy na mapie, poni\u017cej:<\/strong><\/p>\n\n\n\n<iframe loading=\"lazy\" style=\"border:none\" src=\"https:\/\/mapy.com\/s\/gezatudaba\" width=\"500\" height=\"333\" frameborder=\"0\"><\/iframe>\n","protected":false},"excerpt":{"rendered":"<p>Wyje\u017cd\u017camy 9 lipca 2025 roku, &nbsp;po mszy \u015bwi\u0119tej kt\u00f3ra rozpocznie si\u0119 o godzinie 7:00 w ko\u015bciele&nbsp; \u015bw.&nbsp; Jadwigi w Milan\u00f3wku.<\/p>\n<p><a href=\"https:\/\/pielgrzymkarowerowa.org\/index.php\/opis-trasy\/\" class=\"more-link\">Continue reading<span class=\"screen-reader-text\">opis trasy<\/span><\/a><\/p>\n","protected":false},"author":1,"featured_media":0,"parent":0,"menu_order":0,"comment_status":"closed","ping_status":"closed","template":"","meta":{"footnotes":""},"class_list":["post-49","page","type-page","status-publish","hentry"],"_links":{"self":[{"href":"https:\/\/pielgrzymkarowerowa.org\/index.php\/wp-json\/wp\/v2\/pages\/49","targetHints":{"allow":["GET"]}}],"collection":[{"href":"https:\/\/pielgrzymkarowerowa.org\/index.php\/wp-json\/wp\/v2\/pages"}],"about":[{"href":"https:\/\/pielgrzymkarowerowa.org\/index.php\/wp-json\/wp\/v2\/types\/page"}],"author":[{"embeddable":true,"href":"https:\/\/pielgrzymkarowerowa.org\/index.php\/wp-json\/wp\/v2\/users\/1"}],"replies":[{"embeddable":true,"href":"https:\/\/pielgrzymkarowerowa.org\/index.php\/wp-json\/wp\/v2\/comments?post=49"}],"version-history":[{"count":6,"href":"https:\/\/pielgrzymkarowerowa.org\/index.php\/wp-json\/wp\/v2\/pages\/49\/revisions"}],"predecessor-version":[{"id":114,"href":"https:\/\/pielgrzymkarowerowa.org\/index.php\/wp-json\/wp\/v2\/pages\/49\/revisions\/114"}],"wp:attachment":[{"href":"https:\/\/pielgrzymkarowerowa.org\/index.php\/wp-json\/wp\/v2\/media?parent=49"}],"curies":[{"name":"wp","href":"https:\/\/api.w.org\/{rel}","templated":true}]}}